{"id":1861,"date":"2020-11-25T23:11:53","date_gmt":"2020-11-25T22:11:53","guid":{"rendered":"http:\/\/pardelalesmurs.fr\/?page_id=1861"},"modified":"2021-01-08T15:23:14","modified_gmt":"2021-01-08T14:23:14","slug":"statuts-de-lassociation","status":"publish","type":"page","link":"https:\/\/pardelalesmurs.fr\/?page_id=1861","title":{"rendered":"STATUTS DE L&#8217;ASSOCIATION"},"content":{"rendered":"<div data-colibri-id=\"1861-c1\" class=\"style-737 style-local-1861-c1 position-relative\">\n  <!---->\n  <div data-colibri-component=\"section\" data-colibri-id=\"1861-c2\" id=\"custom\" class=\"h-section h-section-global-spacing d-flex align-items-lg-center align-items-md-center align-items-center style-738 style-local-1861-c2 position-relative\">\n    <!---->\n    <!---->\n    <div class=\"h-section-grid-container h-section-boxed-container\">\n      <!---->\n      <div data-colibri-id=\"1861-c3\" class=\"h-row-container gutters-row-lg-2 gutters-row-md-2 gutters-row-0 gutters-row-v-lg-2 gutters-row-v-md-2 gutters-row-v-2 style-739 style-local-1861-c3 position-relative\">\n        <!---->\n        <div class=\"h-row justify-content-lg-center justify-content-md-center justify-content-center align-items-lg-stretch align-items-md-stretch align-items-stretch gutters-col-lg-2 gutters-col-md-2 gutters-col-0 gutters-col-v-lg-2 gutters-col-v-md-2 gutters-col-v-2\">\n          <!---->\n          <div class=\"h-column h-column-container d-flex h-col-lg-auto h-col-md-auto h-col-auto style-740-outer style-local-1861-c4-outer\">\n            <div data-colibri-id=\"1861-c4\" class=\"d-flex h-flex-basis h-column__inner h-px-lg-2 h-px-md-2 h-px-2 v-inner-lg-2 v-inner-md-2 v-inner-2 style-740 style-local-1861-c4 position-relative\">\n              <!---->\n              <!---->\n              <div class=\"w-100 h-y-container h-column__content h-column__v-align flex-basis-100 align-self-lg-start align-self-md-start align-self-start\">\n                <!---->\n                <div data-colibri-id=\"1861-c5\" class=\"h-text h-text-component style-741 style-local-1861-c5 position-relative h-element\">\n                  <!---->\n                  <!---->\n                  <div class=\"\">\n                    <p><strong>STATUT DE L\u2019ASSOCIATION<\/strong><\/p>\n                    <p>VALID\u00c9E LE 1ER SEPTEMBRE 2020 EN PR\u00c9FECTURE<\/p>\n                    <p><strong>PAR-DEL\u00c0 LES MURS&nbsp;<\/strong><\/p>\n                    <p>&nbsp;&nbsp;<\/p>\n                    <p><strong>Article 1&nbsp;\u2013 CR\u00c9ATION<\/strong>&nbsp;<\/p>\n                    <p>Existant en tant que collectif depuis janvier 2019, \u00e0 la date du 05 juin 2020, il a \u00e9t\u00e9 fond\u00e9 entre les membres et les co-repr\u00e9sentants, une association r\u00e9gie par la loi du 1er Juillet 1901, et le d\u00e9cret du 16 Ao\u00fbt 1901, ayant pour\n                      nom :&nbsp;<\/p>\n                    <p><strong><em>&#8220;PAR-DELA LES MURS&#8221;<\/em><\/strong>&nbsp;<\/p>\n                    <p><strong>&nbsp;<\/strong>&nbsp;<\/p>\n                    <p><strong>Dont le SIGLE est&nbsp;:&nbsp;MC 2.0<\/strong>&nbsp;<\/p>\n                    <p>\u00c0 sa cr\u00e9ation, cette structure a choisi d&#8217;\u00eatre un des partenaires au sein m\u00eame&nbsp;&nbsp;<\/p>\n                    <p>du&nbsp;Mouvement Citoyen 2.0 dont le sigle est MC 2.0.&nbsp;<\/p>\n                    <p><strong>&nbsp;<\/strong><\/p>\n                    <p><strong>Article 2&nbsp;\u2013 OBJET<\/strong>&nbsp;<\/p>\n                    <p>Intervenir pacifiquement en toute int\u00e9grit\u00e9 contre la corruption, en d\u00e9veloppant des ressources humaines, intellectuelles, mat\u00e9rielles, pour la pr\u00e9servation des droits imprescriptibles de l&#8217;humain et du vivant, et la protection de\n                      notre plan\u00e8te, dans le cadre de la lutte contre la pr\u00e9carit\u00e9, au service d&#8217;un mieux vivre ensemble massivement f\u00e9d\u00e9rateur, pour une r\u00e9conciliation nationale en faveur de la Paix.&nbsp;&nbsp;&nbsp;<\/p>\n                    <p><strong>Article 3&nbsp;\u2013 PRINCIPE DE FONCTONNEMENT<\/strong>&nbsp;<\/p>\n                    <p>Cette entit\u00e9 reste ind\u00e9pendante et autonome en \u00e9tant partenaire autour de valeurs fondamentales de base fix\u00e9es \u00e0&nbsp;<strong>Article 2&nbsp;\u2013 OBJET<\/strong>.&nbsp;<\/p>\n                    <p>&nbsp;&nbsp;&nbsp;<\/p>\n                    <p><strong>Article 4&nbsp;\u2013 OBJECTIF &amp; BUT<\/strong>&nbsp;<\/p>\n                    <p>Cette association a pour objectif de :&nbsp;\n                      <br>\n                      <br>&#8211; R\u00e9unir &#8211; Accueillir&nbsp;&nbsp;<\/p>\n                    <p>&#8211; Entraider &#8211; Soutenir&nbsp;<\/p>\n                    <p>&#8211; Informer &#8211; Accompagner&nbsp;<\/p>\n                    <p>&#8211; D\u00e9battre &#8211; Agir&nbsp;<\/p>\n                    <p>&#8211; Organiser&nbsp;<\/p>\n                    <p>&#8211; Former&nbsp;<\/p>\n                    <p>Cette association a pour but de&nbsp;<strong>:<\/strong>&nbsp;<\/p>\n                    <p>&#8211; Accompagner les Citoyens dans leur \u00e9mancipation politique et culturelle&nbsp;<\/p>\n                    <p>&#8211; Replacer les Biens Communs au centre de notre culture&nbsp;<\/p>\n                    <p>\n                      <br>\n                    <\/p>\n                    <p><strong>Article 5<\/strong>&nbsp;\u2013&nbsp;<strong>SI\u00c8GE SOCIAL<\/strong>&nbsp;<\/p>\n                    <p>Il est situ\u00e9 :&nbsp;&nbsp;<strong>17 rue Marsal, 54000 Nancy<\/strong>&nbsp;<\/p>\n                    <p>Il pourra \u00eatre transf\u00e9r\u00e9 par simple d\u00e9cision, tous les membres de l&#8217;Assembl\u00e9e G\u00e9n\u00e9rale \u00e9tant n\u00e9cessairement inform\u00e9s par mail, au moins deux semaines avant.&nbsp;<\/p>\n                    <p><strong>&nbsp;&nbsp;<\/strong><\/p>\n                    <p><strong>Article 6&nbsp;\u2013 COMPOSITION DE L\u2019ASSOCIATION<\/strong>&nbsp;<\/p>\n                    <p><strong>6.1 Composition<\/strong>&nbsp;<\/p>\n                    <p>Les membres qui ont fond\u00e9 l&#8217;association (fondateurs-trices) sont&nbsp;Co-Repr\u00e9sentants(es) de l&#8217;association, ils pourront r\u00e9diger un r\u00e8glement int\u00e9rieur.&nbsp;<\/p>\n                    <p>&nbsp;L&#8217;association est exclusivement compos\u00e9e par :&nbsp;&nbsp;&nbsp;&nbsp;&nbsp;&nbsp;&nbsp;&nbsp;&nbsp;&nbsp;<\/p>\n                    <p>&#8211;&nbsp;Les membres&nbsp;Co-Repr\u00e9sentants(es)&nbsp;Ils se doivent de participer ou d&#8217;\u00eatre moteur lors des Assembl\u00e9es ou Ev\u00e9nements que ce soit physiquement ou de mani\u00e8re d\u00e9mat\u00e9rialis\u00e9 (t\u00e9l\u00e9phone, visioconf\u00e9rence ou toute plateforme\n                      num\u00e9rique) sinon ils deviennent des membres Actifs apr\u00e8s 45 jours d&#8217;absence cons\u00e9cutives.<\/p>\n                    <p>&#8211;&nbsp;Les membres Actifs.&nbsp;Un membre Actif n&#8217;est pas membre&nbsp;Co-Repr\u00e9sentant, mais il peut le devenir. Tout citoyen(ne) qui le souhaite est membre Actif de plein droit d\u00e8s lors qu&#8217;il ou elle en fait la demande par \u00e9crit.&nbsp;Tout\n                      membre Actif peut devenir membre&nbsp;Co-Repr\u00e9sentant(e), s&#8217;il en exprime la demande et s&#8217;il est accept\u00e9&nbsp;par les membres&nbsp;Co-Repr\u00e9sentants(es) ant\u00e9rieurs.&nbsp;&nbsp;Le mode de d\u00e9signation est par vote \u00e0 la majorit\u00e9 \u00e9tablie\n                      \u00e0 2\/3 (deux tiers) des voix exprim\u00e9es (vote blanc inclus).&nbsp;Tout refus d&#8217;une demande devra \u00eatre justifi\u00e9 par le quorum de&nbsp;Co-Repr\u00e9sentant.&nbsp;Sont consid\u00e9r\u00e9s membres Actifs, les personnes impliqu\u00e9es lors des Assembl\u00e9es\n                      ou Ev\u00e9nements que ce soit physiquement ou de mani\u00e8re d\u00e9mat\u00e9rialis\u00e9 (t\u00e9l\u00e9phone, visioconf\u00e9rence ou toute plateforme num\u00e9rique) en dessous d&#8217;une dur\u00e9e de 45 jours. Si non il devient un membre Inactif au regard de l&#8217;entit\u00e9 ind\u00e9pendante\n                      dans le partenariat MC 2.0.<\/p>\n                    <p>&#8211;&nbsp;Les membres Inactifs.&nbsp;&nbsp;Sont consid\u00e9r\u00e9s membres Inactifs au regard de l&#8217;entit\u00e9 ind\u00e9pendante dans le partenariat MC 2.0, les personnes qui n&#8217;ont pas \u00e9t\u00e9 impliqu\u00e9es lors des Assembl\u00e9es ou Ev\u00e9nements que ce soit physiquement\n                      ou de mani\u00e8re d\u00e9mat\u00e9rialis\u00e9 (t\u00e9l\u00e9phone, visioconf\u00e9rence ou toute plateforme num\u00e9rique) depuis plus de 45 jours.<\/p>\n                    <p><strong>6.2 Admission et adh\u00e9sion<\/strong>&nbsp;<\/p>\n                    <p><strong>a)<\/strong>&nbsp;L&#8217;admission et l&#8217;adh\u00e9sion \u00e0 l&#8217;association, par tout membre&nbsp;Co-Repr\u00e9sentant(e) et par tout membre Actif, implique n\u00e9cessairement que ce membre a approuv\u00e9 l&#8217;<strong>Article 2&nbsp;\u2013 OBJET<\/strong>.&nbsp;<\/p>\n                    <p>Cet&nbsp;<strong>Article 2<\/strong>&nbsp;ancre des valeurs civiques au nom des droits naturels et imprescriptibles de l&#8217;Homme et du vivant, en faveur d&#8217;une r\u00e9conciliation pour la Paix et pour un mieux vivre ensemble.&nbsp;&nbsp;b)\n                      Un(e)&nbsp;Co-Repr\u00e9sentant(e) ne peut pas \u00eatre membre de plusieurs structures du partenariat, mais il peut \u00eatre membre Actif dans plusieurs de ces structures.&nbsp;&nbsp;c) Il est indispensable d&#8217;\u00eatre \u00e0 jour des modalit\u00e9s financi\u00e8res\n                      d&#8217;adh\u00e9sion, fix\u00e9es \u00e0 l&#8217;<strong>Article 9&nbsp;<\/strong>\u2013&nbsp;<strong>RESSOURCES<\/strong>, pour \u00eatre consid\u00e9r\u00e9 comme \u00e9tant membre de l&#8217;association.&nbsp;<\/p>\n                    <p><strong>Article 7<\/strong>&nbsp;\u2013&nbsp;<strong>RESPONSABILIT\u00c9 INDIVIDUELLE<\/strong>&nbsp;<\/p>\n                    <p>L&#8217;association est compos\u00e9e exclusivement de citoyens(nes) forts(es) de leur libre-arbitre individuel et individuellement responsable(s) de tous ses agissement(s).&nbsp;&nbsp;<\/p>\n                    <p>En cons\u00e9quence l&#8217;action particuli\u00e8re d&#8217;un ou plusieurs membres de l&#8217;association ne saurait en aucun cas engager la responsabilit\u00e9, l&#8217;int\u00e9grit\u00e9 ou la l\u00e9gitimit\u00e9 d&#8217;autres membres de l\u2019association \u201cPAR-DELA LES MURS\u201d, ni de l\u2019association\n                      elle-m\u00eame, ni du \u201cMouvement Citoyen 2.0 (MC 2.0)\u201d.&nbsp;<\/p>\n                    <p>\n                      <br>\n                    <\/p>\n                    <p><strong>Article 8&nbsp;\u2013 ADMINISTRATION<\/strong>&nbsp;<\/p>\n                    <p><strong>8.1 Assembl\u00e9e G\u00e9n\u00e9rale (AG)<\/strong>&nbsp;<\/p>\n                    <p>L&#8217;Assembl\u00e9e G\u00e9n\u00e9rale est compos\u00e9e de tous les membres Actifs et de tous les membres&nbsp;Co-Repr\u00e9sentants(es) des structures existantes au sein m\u00eame du partenariat \u201cMC 2.0\u201d.<\/p>\n                    <p><strong>8.2 Assembl\u00e9e des&nbsp;Co-Repr\u00e9sentants&nbsp;(AC)<\/strong>&nbsp;<\/p>\n                    <p>L&#8217;Assembl\u00e9e des&nbsp;Co-Repr\u00e9sentants(es) est compos\u00e9e de tous les membres&nbsp;Co-Repr\u00e9sentants&nbsp;de l\u2019association \u201cPar-del\u00e0 les murs\u201d.<\/p>\n                    <p>&nbsp;&nbsp;<\/p>\n                    <p><strong>8.3 Repr\u00e9sentation<\/strong>&nbsp;<\/p>\n                    <p><strong>Un(e) Coordinateur(trice): (<\/strong>Pour les relations internes)&nbsp;<\/p>\n                    <p>D\u00e9sign\u00e9 par tirage au sort parmi les membres&nbsp;Co-Repr\u00e9sentant, Actif et Inactif de l\u2019association \u201cPAR-DELA LES MURS\u201d \u00e0 l\u2019exception des taches relevant de comp\u00e9tence particuli\u00e8re et n\u00e9cessitant une d\u00e9signation directe avec l\u2019accord\n                      des membres.&nbsp;La dur\u00e9e est limit\u00e9e \u00e0 31 jours maximum au-del\u00e0 de laquelle ce dernier laissera sa place au suivant sur le m\u00eame mode d\u00e9signation.&nbsp;Dans le cadre de sa mission, les \u00e9changes avec les m\u00e9diats et les institutions\n                      sont autoris\u00e9s.&nbsp;<\/p>\n                    <p>&nbsp;&nbsp;<\/p>\n                    <p><strong>Un(e) Rapporteur(teuse)<\/strong>&nbsp;:&nbsp;<strong>(<\/strong>Pour les relations externes)&nbsp;<\/p>\n                    <p>Mandat\u00e9 selon la &#8220;R\u00e8gle de la repr\u00e9sentation&#8221; d\u00e9crite \u00e0 l\u2019<strong>Alin\u00e9a 2<\/strong>&nbsp;ci-dessous.&nbsp;<\/p>\n                    <p>&nbsp;<strong>Un(e) Observateur(trice)<\/strong>&nbsp;:&nbsp;<strong>(<\/strong>Pour accompagner les relations externes)&nbsp;<\/p>\n                    <p>D\u00e9sign\u00e9 par tirage au sort parmi les membres Inactifs de l\u2019association \u201cPAR-DELA LES MURS\u201d.&nbsp;&nbsp;<\/p>\n                    <p>Leur r\u00f4le est d\u2019accompagner les Rapporteurs(teuses) dans leur mission, et de valider les propos rapport\u00e9s au sein de l\u2019association.&nbsp;<\/p>\n                    <p>L\u2019Observateur(trice) est ainsi form\u00e9 aux activit\u00e9s de l\u2019association.&nbsp;&nbsp;Alin\u00e9a 1 :&nbsp;Seuls les membres&nbsp;Co-Repr\u00e9sentants&nbsp;et Actifs de l\u2019association \u201cPAR-DELA LES MURS\u201d, pourront r\u00e9aliser les tirages au sort et valider\n                      les modes de mandats.&nbsp;<\/p>\n                    <p>&nbsp;&nbsp;<\/p>\n                    <p><strong>Alin\u00e9a 2 :<\/strong>&nbsp;Il y a trois possibilit\u00e9s pour devenir Rapporteur(teuse) :&nbsp;&nbsp;&nbsp;&#8211;&nbsp;Mode d\u00e9sign\u00e9 :&nbsp;D\u00e9sign\u00e9s librement par chaque repr\u00e9sent\u00e9 (membre&nbsp;Co-Repr\u00e9sentant&nbsp;et Actif) qui d\u00e9pose\n                      un nom (le sien s\u2019il est candidat ou le nom d\u2019un autre, candidat ou pas) dans une urne d\u2019o\u00f9 seront tir\u00e9s au sort 1 \u00e0 3 Rapporteurs(teuses).&nbsp;&nbsp;&nbsp;&#8211;&nbsp;Mode volontaire :&nbsp;Des volontaires lors de l&#8217;assembl\u00e9e d\u2019o\u00f9 seront\n                      tir\u00e9s au sort 1 \u00e0 3 Rapporteurs(teuses).&nbsp;&nbsp;&nbsp;&#8211;&nbsp;Mode impartial :&nbsp;Tir\u00e9s au sort dans la liste des membres (Co-Repr\u00e9sentant&nbsp;et Actif) 1 \u00e0 3 Rapporteurs(teuses).&nbsp;&nbsp;&nbsp;=&gt; Dans ce cas, tout membre\n                      actif devenant Rapporteur(teuse) devient obligatoirement&nbsp;Co-Repr\u00e9sentant(e) pour la dur\u00e9e de son mandat.&nbsp;<\/p>\n                    <p>&nbsp;&nbsp;<\/p>\n                    <p><strong>Alin\u00e9a 3 :<\/strong>&nbsp;Les membres&nbsp;Co-Repr\u00e9sentants&nbsp;et Actifs donnent mandat de repr\u00e9sentation aux Rapporteurs(teuses) mandat\u00e9s(\u00e9es) et aux suppl\u00e9ants(es) (si possible), soit par :&nbsp;&nbsp;&nbsp;<\/p>\n                    <p>&#8211;&nbsp;Mandat unique :&nbsp;pour le mandat d&#8217;une seule repr\u00e9sentation (action, r\u00e9union, assembl\u00e9e&#8230;)&nbsp;&nbsp;&nbsp;<\/p>\n                    <p>&#8211;&nbsp;Mandat mensuel :&nbsp;pour un mandat d&#8217;une dur\u00e9e de 31 jours maximum renouvelable suite \u00e0 un vote majoritaire au 2\/3 (vote blanc inclus).&nbsp;&nbsp;&nbsp;&nbsp;<\/p>\n                    <p>De tout \u00e9v\u00e9nement devra d\u00e9couler un compte-rendu publi\u00e9 sur nos plateformes.&nbsp;&nbsp;&nbsp;&nbsp;<\/p>\n                    <p>A leur issue, les repr\u00e9sentants seront charg\u00e9s d\u2019une mission, soit :&nbsp;&nbsp;&nbsp;<\/p>\n                    <p>&#8211; voter \u00e0 notre place : vote de principe -&gt;&nbsp;<strong>Alin\u00e9a 6<\/strong>&nbsp;<strong>&nbsp;<\/strong>&nbsp;&#8211; faire part de notre vote collectif \u00e0 une assembl\u00e9e tierce (mandat imp\u00e9ratif).&nbsp;&nbsp;&nbsp;&nbsp;<strong>Alin\u00e9a 4 :<\/strong>&nbsp;Les\n                      Rapporteurs(teuses) mandat\u00e9s(\u00e9es) et leurs suppl\u00e9ants doivent exercer leur repr\u00e9sentation film\u00e9e, enregistr\u00e9e ou diffus\u00e9e en direct (par tous moyens utiles).&nbsp;&nbsp;Alin\u00e9a 5 :&nbsp;Les Rapporteurs(teuses) mandat\u00e9s(\u00e9es) et leurs\n                      suppl\u00e9ants peuvent \u00eatre r\u00e9voqu\u00e9s \u00e0 tout moment, \u00e0 la demande de 2\/3 des membres&nbsp;Co-Repr\u00e9sentants&nbsp;et Actifs qui s\u2019engagent \u00e0 la votation.&nbsp;&nbsp;Alin\u00e9a 6 :&nbsp;En fin de mission, les Rapporteurs(teuses) mandat\u00e9s(\u00e9es)\n                      rendent des comptes (d\u00e9briefing) aux repr\u00e9sent\u00e9s(\u00e9es), qui peuvent ensuite leur donner quitus (approbation) ou pas.&nbsp;&nbsp;<\/p>\n                    <p>&nbsp;&nbsp;<\/p>\n                    <p><strong>8.4 Choix li\u00e9s \u00e0 l&#8217;activit\u00e9 de la structure<\/strong>&nbsp;<\/p>\n                    <p><strong>&nbsp;a) Initiative<\/strong>&nbsp;<\/p>\n                    <p>Tout membre Actif et\/ou tout membre&nbsp;Co-Repr\u00e9sentant(e) est invit\u00e9 \u00e0 exprimer des propositions pour les choix li\u00e9s \u00e0 l&#8217;activit\u00e9 de l&#8217;association. Les propositions peuvent \u00eatre d\u00e9battues par tous les membres de l&#8217;AG lors d&#8217;ateliers\n                      consultatifs, quand celle-ci a recueilli l\u2019approbation d\u2019au moins 3 membres de l\u2019association.<\/p>\n                    <p><strong>&nbsp;b) D\u00e9cision<\/strong>&nbsp;<\/p>\n                    <p>Pas de d\u00e9saccord sans explications et contre-propositions (ce qui implique une d\u00e9marche intellectuelle).&nbsp;<\/p>\n                    <p>Les d\u00e9cisions sont prises par l&#8217;assembl\u00e9e des&nbsp;Co-Repr\u00e9sentants(es) et membres Actifs(ves) et avec la&nbsp;recherche du consentement :&nbsp;&#8220;J&#8217;accepte \u00e0 condition que&#8230;&#8221; &#8220;Je suis d&#8217;accord \u00e0 condition que&#8230;&#8221;.&nbsp;<\/p>\n                    <p>La d\u00e9cision est prise \u00e0 condition que la majeure partie des membres pas d&#8217;accord aient un jugement consenti.&nbsp;<\/p>\n                    <p>Si ce n&#8217;est pas le cas, il n&#8217;y a pas de d\u00e9cision.&nbsp;&nbsp;&nbsp;<\/p>\n                    <p><strong>&nbsp;c) Pouvoir citoyen<\/strong>&nbsp;<\/p>\n                    <p>Dans le cas o\u00f9 une d\u00e9cision prise par l\u2019assembl\u00e9e des&nbsp;Co-Repr\u00e9sentants(es) (se r\u00e9f\u00e9rer \u00e0 l\u2019<strong>Article 6.1 Composition<\/strong>) est contest\u00e9e par une large part des membres Actifs pr\u00e9sents lors d&#8217;une assembl\u00e9e g\u00e9n\u00e9rale, la\n                      d\u00e9cision peut \u00eatre soumise au vote \u00e0 partir de 1\/3 des votes exprim\u00e9s (vote blanc inclus).&nbsp;&nbsp;&nbsp;<\/p>\n                    <p><strong>&nbsp;d) Mission des repr\u00e9sentants<\/strong>&nbsp;<\/p>\n                    <p>Les repr\u00e9sentants (<strong>Article 8.3 Repr\u00e9sentation<\/strong>) ont pour mission d&#8217;organiser les moyens utiles pour concr\u00e9tiser les d\u00e9cisions et pr\u00e9senter ces moyens lors d&#8217;Assembl\u00e9es ou d&#8217;Ev\u00e9nements que ce soit physiquement ou de\n                      mani\u00e8re d\u00e9mat\u00e9rialis\u00e9 (t\u00e9l\u00e9phone ou visioconf\u00e9rence ou toute plateforme num\u00e9rique).&nbsp;<\/p>\n                    <p>\n                      <br>\n                    <\/p>\n                    <p><strong>Article 9<\/strong>&nbsp;\u2013&nbsp;<strong>RESSOURCES<\/strong>&nbsp;<\/p>\n                    <p>Les ressources de cette association comprennent :&nbsp;<\/p>\n                    <p>&#8211; Droits d&#8217;entr\u00e9e initiaux pour tout membre : prix libre&nbsp;<\/p>\n                    <p>&#8211; Cagnotte participative interne ou externe&nbsp;<\/p>\n                    <p>&#8211; Dons (tout dons fera l\u2019objet d\u2019une attestation de remise de dons pour le Tr\u00e9sor Public)&nbsp;<\/p>\n                    <p>&#8211; Collecte de fond.&nbsp;<\/p>\n                    <p>&#8211; Demandes de subventions locales, nationales, Europ\u00e9ennes ou internationales&nbsp;<\/p>\n                    <p>&#8211; Groupement d\u2019Int\u00e9r\u00eats Economiques (Tr\u00e9sorerie externe \u00e0 votre structure)&nbsp;<\/p>\n                    <p>&nbsp;&nbsp;<\/p>\n                    <p>Liste non exhaustive et g\u00e9n\u00e9ralement toutes les ressources autoris\u00e9es par les lois en vigueur.<\/p>\n                    <p><strong>\ufeff<\/strong><\/p>\n                    <p><strong>Article 10 \u2013 RADIATION<\/strong>&nbsp;<\/p>\n                    <p>La qualit\u00e9 de membre se perd suite \u00e0 l&#8217;une ou l&#8217;autre de ces \u00e9ventualit\u00e9s :&nbsp;<\/p>\n                    <p>&#8211; Par d\u00e9mission sans obligation de se justifier.&nbsp;<\/p>\n                    <p>&#8211; Pour cause de d\u00e9c\u00e8s.&nbsp;<\/p>\n                    <p>&#8211; Par la radiation d&#8217;un membre&nbsp;Co-Repr\u00e9sentant(e) et Actif pour motif grave, l&#8217;int\u00e9ress\u00e9 ayant \u00e9t\u00e9 invit\u00e9 par email explicatif \u00e0 se pr\u00e9senter devant les membres&nbsp;Co-Repr\u00e9sentants(es) pour fournir des explications ; la radiation\n                      ne pouvant \u00eatre prononc\u00e9e que par un vote (au 2\/3) des autres membres&nbsp;Co-Repr\u00e9sentants(es).&nbsp;<\/p>\n                    <p><strong>&nbsp;&nbsp;<\/strong><\/p>\n                    <p><strong>Article 11<\/strong>&nbsp;\u2013&nbsp;<strong>DUR\u00c9E ET DISSOLUTION<\/strong>&nbsp;<\/p>\n                    <p>L\u2019association a \u00e9t\u00e9 cr\u00e9\u00e9e pour une dur\u00e9e illimit\u00e9e.&nbsp;La dissolution de la structure se fait par d\u00e9cision des&nbsp;Co-Repr\u00e9sentants(es) prononc\u00e9e par un vote (au 3\/4) des membres&nbsp;Co-Repr\u00e9sentants(es).&nbsp;<\/p>\n                    <p>&nbsp;&nbsp;<\/p>\n                    <p><strong>Article 12<\/strong>&nbsp;\u2013&nbsp;<strong>DROIT DE R\u00c9SERVE<\/strong>&nbsp;<\/p>\n                    <p>Ces statuts sont r\u00e9dig\u00e9s avec un droit de r\u00e9serve d\u2019\u00e9ventuelles modifications qui peuvent intervenir, en cours de fonctionnement de l\u2019association.<\/p>\n                    <p>Tout membre&nbsp;Co-Repr\u00e9sentant(e) est invit\u00e9 \u00e0 exprimer des propositions de modification de statut li\u00e9s \u00e0 l&#8217;activit\u00e9 de l&#8217;association \u00ab PAR-DELA LES MURS \u00bb.<\/p>\n                    <p>Les membres fondateurs.<\/p>\n                  <\/div>\n                <\/div>\n              <\/div>\n            <\/div>\n          <\/div>\n        <\/div>\n      <\/div>\n    <\/div>\n  <\/div>\n  <div data-colibri-component=\"section\" data-colibri-id=\"1861-c6\" id=\"custom-2\" class=\"h-section h-section-global-spacing d-flex align-items-lg-center align-items-md-center align-items-center style-746 style-local-1861-c6 position-relative\">\n    <!---->\n    <!---->\n    <div class=\"h-section-grid-container h-section-boxed-container\">\n      <!---->\n      <div data-colibri-id=\"1861-c7\" class=\"h-row-container gutters-row-lg-2 gutters-row-md-2 gutters-row-0 gutters-row-v-lg-2 gutters-row-v-md-2 gutters-row-v-2 style-747 style-local-1861-c7 position-relative\">\n        <!---->\n        <div class=\"h-row justify-content-lg-center justify-content-md-center justify-content-center align-items-lg-stretch align-items-md-stretch align-items-stretch gutters-col-lg-2 gutters-col-md-2 gutters-col-0 gutters-col-v-lg-2 gutters-col-v-md-2 gutters-col-v-2\">\n          <!---->\n          <div class=\"h-column h-column-container d-flex h-col-lg-auto h-col-md-auto h-col-auto style-748-outer style-local-1861-c8-outer\">\n            <div data-colibri-id=\"1861-c8\" class=\"d-flex h-flex-basis h-column__inner h-px-lg-2 h-px-md-2 h-px-2 v-inner-lg-2 v-inner-md-2 v-inner-2 style-748 style-local-1861-c8 position-relative\">\n              <!---->\n              <!---->\n              <div class=\"w-100 h-y-container h-column__content h-column__v-align flex-basis-100 align-self-lg-start align-self-md-start align-self-start\">\n                <!---->\n                <div data-colibri-id=\"1861-c9\" class=\"d-flex align-items-center text-lg-center text-md-center text-center justify-content-lg-center justify-content-md-center justify-content-center style-749 style-local-1861-c9 position-relative h-element\">\n                  <!---->\n                  <a rel=\"home\" href=\"https:\/\/pardelalesmurs.fr\/\" h-use-smooth-scroll=\"true\" class=\"d-flex align-items-center\">\n                    <img decoding=\"async\" src=\"https:\/\/pardelalesmurs.fr\/wp-content\/uploads\/2020\/11\/cropped-LOGO-PDLM-sans-fond-2.png\" class=\"h-logo__image h-logo__image_h logo-image style-749-image style-local-1861-c9-image\" alt=\"\" \/>\n                    <img decoding=\"async\" src=\"https:\/\/pardelalesmurs.fr\/wp-content\/uploads\/2020\/11\/cropped-LOGO-PDLM-sans-fond-2.png\" class=\"h-logo__alt-image h-logo__alt-image_h logo-alt-image style-749-image style-local-1861-c9-image\">\n                  <\/a>\n                <\/div>\n              <\/div>\n            <\/div>\n          <\/div>\n        <\/div>\n      <\/div>\n    <\/div>\n  <\/div>\n<\/div>","protected":false},"excerpt":{"rendered":"<p>STATUT DE L\u2019ASSOCIATION VALID\u00c9E LE 1ER SEPTEMBRE 2020 EN PR\u00c9FECTURE PAR-DEL\u00c0 LES MURS&nbsp; &nbsp;&nbsp; Article 1&nbsp;\u2013 CR\u00c9ATION&nbsp; Existant en tant que collectif depuis janvier 2019, \u00e0 la date du 05 juin 2020, il a \u00e9t\u00e9 fond\u00e9 entre les membres et les co-repr\u00e9sentants, une association r\u00e9gie par la loi du 1er Juillet 1901, et le d\u00e9cret [&hellip;]<\/p>\n","protected":false},"author":1,"featured_media":0,"parent":0,"menu_order":0,"comment_status":"closed","ping_status":"closed","template":"page-templates\/full-width-page.php","meta":{"footnotes":""},"class_list":["post-1861","page","type-page","status-publish","hentry"],"_links":{"self":[{"href":"https:\/\/pardelalesmurs.fr\/index.php?rest_route=\/wp\/v2\/pages\/1861","targetHints":{"allow":["GET"]}}],"collection":[{"href":"https:\/\/pardelalesmurs.fr\/index.php?rest_route=\/wp\/v2\/pages"}],"about":[{"href":"https:\/\/pardelalesmurs.fr\/index.php?rest_route=\/wp\/v2\/types\/page"}],"author":[{"embeddable":true,"href":"https:\/\/pardelalesmurs.fr\/index.php?rest_route=\/wp\/v2\/users\/1"}],"replies":[{"embeddable":true,"href":"https:\/\/pardelalesmurs.fr\/index.php?rest_route=%2Fwp%2Fv2%2Fcomments&post=1861"}],"version-history":[{"count":8,"href":"https:\/\/pardelalesmurs.fr\/index.php?rest_route=\/wp\/v2\/pages\/1861\/revisions"}],"predecessor-version":[{"id":2460,"href":"https:\/\/pardelalesmurs.fr\/index.php?rest_route=\/wp\/v2\/pages\/1861\/revisions\/2460"}],"wp:attachment":[{"href":"https:\/\/pardelalesmurs.fr\/index.php?rest_route=%2Fwp%2Fv2%2Fmedia&parent=1861"}],"curies":[{"name":"wp","href":"https:\/\/api.w.org\/{rel}","templated":true}]}}